{"id":204656,"date":"2025-12-11T01:49:46","date_gmt":"2025-12-11T01:49:46","guid":{"rendered":"https:\/\/bayrealtymexico.com\/sell\/"},"modified":"2026-04-30T15:57:06","modified_gmt":"2026-04-30T15:57:06","slug":"sell","status":"publish","type":"page","link":"https:\/\/bayrealtymexico.com\/es\/sell\/","title":{"rendered":"Vender"},"content":{"rendered":"\t\t<div data-elementor-type=\"wp-page\" data-elementor-id=\"204656\" class=\"elementor elementor-204656 elementor-88419\" data-elementor-post-type=\"page\">\n\t\t\t\t\t\t<section class=\"elementor-section elementor-top-section elementor-element elementor-element-5b81e21 elementor-section-height-min-height animated-slow elementor-section-boxed elementor-section-height-default elementor-section-items-middle elementor-invisible\" data-id=\"5b81e21\" data-element_type=\"section\" data-e-type=\"section\" data-settings=\"{&quot;background_background&quot;:&quot;classic&quot;,&quot;animation&quot;:&quot;fadeIn&quot;}\">\n\t\t\t\t\t\t\t<div class=\"elementor-background-overlay\"><\/div>\n\t\t\t\t\t\t\t<div class=\"elementor-container elementor-column-gap-default\">\n\t\t\t\t\t<div class=\"elementor-column elementor-col-100 elementor-top-column elementor-element elementor-element-ad367f8\" data-id=\"ad367f8\" data-element_type=\"column\" data-e-type=\"column\">\n\t\t\t<div class=\"elementor-widget-wrap elementor-element-populated\">\n\t\t\t\t\t\t<div class=\"elementor-element elementor-element-0e7939f elementor-widget elementor-widget-heading\" data-id=\"0e7939f\" data-element_type=\"widget\" data-e-type=\"widget\" data-widget_type=\"heading.default\">\n\t\t\t\t\t<h1 class=\"elementor-heading-title elementor-size-default\">Vender<\/h1>\t\t\t\t<\/div>\n\t\t\t\t\t<\/div>\n\t\t<\/div>\n\t\t\t\t\t<\/div>\n\t\t<\/section>\n\t\t\t\t<section class=\"elementor-section elementor-top-section elementor-element elementor-element-09038dc elementor-section-boxed elementor-section-height-default elementor-section-height-default\" data-id=\"09038dc\" data-element_type=\"section\" data-e-type=\"section\" data-settings=\"{&quot;background_background&quot;:&quot;classic&quot;}\">\n\t\t\t\t\t\t<div class=\"elementor-container elementor-column-gap-default\">\n\t\t\t\t\t<div class=\"elementor-column elementor-col-100 elementor-top-column elementor-element elementor-element-c8278ac\" data-id=\"c8278ac\" data-element_type=\"column\" data-e-type=\"column\">\n\t\t\t<div class=\"elementor-widget-wrap elementor-element-populated\">\n\t\t\t\t\t\t<div class=\"elementor-element elementor-element-3271868 elementor-widget elementor-widget-spacer\" data-id=\"3271868\" data-element_type=\"widget\" data-e-type=\"widget\" data-widget_type=\"spacer.default\">\n\t\t\t\t\t\t\t<div class=\"elementor-spacer\">\n\t\t\t<div class=\"elementor-spacer-inner\"><\/div>\n\t\t<\/div>\n\t\t\t\t\t\t<\/div>\n\t\t\t\t<div class=\"elementor-element elementor-element-e7372b6 animated-slow elementor-invisible elementor-widget elementor-widget-houzez_elementor_section_title\" data-id=\"e7372b6\" data-element_type=\"widget\" data-e-type=\"widget\" data-settings=\"{&quot;_animation&quot;:&quot;fadeIn&quot;}\" data-widget_type=\"houzez_elementor_section_title.default\">\n\t\t\t\t<div class=\"elementor-widget-container\">\n\t\t\t\t\t            <div class=\"houzez_section_title_wrap section-title-module\">\n                                    <h2 class=\"houzez_section_title\">Venda su propiedad con expertos de confianza en Puerto Vallarta y Riviera Nayarit<\/h2>\n                \n                                    <p class=\"houzez_section_subtitle\">Llegue a compradores cualificados y obtenga el m\u00e1ximo valor para su propiedad mediante una estrategia de marketing integral y una experiencia de venta personalizada.<\/p>\n                            <\/div>\n            \t\t\t\t<\/div>\n\t\t\t\t<\/div>\n\t\t\t\t\t<\/div>\n\t\t<\/div>\n\t\t\t\t\t<\/div>\n\t\t<\/section>\n\t\t<div class=\"elementor-element elementor-element-d965871 e-flex e-con-boxed e-con e-parent\" data-id=\"d965871\" data-element_type=\"container\" data-e-type=\"container\" data-settings=\"{&quot;background_background&quot;:&quot;classic&quot;}\">\n\t\t\t\t\t<div class=\"e-con-inner\">\n\t\t<div class=\"elementor-element elementor-element-d6516da e-con-full e-flex e-con e-child\" data-id=\"d6516da\" data-element_type=\"container\" data-e-type=\"container\">\n\t\t\t\t<div class=\"elementor-element elementor-element-9e647b4 elementor-widget elementor-widget-text-editor\" data-id=\"9e647b4\" data-element_type=\"widget\" data-e-type=\"widget\" data-widget_type=\"text-editor.default\">\n\t\t\t\t\t\t\t\t\t<p style=\"text-align: center;\"><span style=\"font-weight: 400;\">Vender una propiedad en Puerto Vallarta, Nuevo Vallarta, Riviera Nayarit, Punta de Mita y Costa Alegre requiere m\u00e1s que simplemente publicarla en l\u00ednea: requiere una estrategia profesional respaldada por marketing premium, profundo conocimiento del mercado y visibilidad global.<\/span><\/p><p style=\"text-align: center;\"><span style=\"font-weight: 400;\">Cuando publique su vivienda con nosotros, obtendr\u00e1 acceso a un servicio completo de alto impacto dise\u00f1ado para maximizar la exposici\u00f3n y atraer a los compradores adecuados de M\u00e9xico, EE. UU., Canad\u00e1 y otros pa\u00edses.<\/span><\/p>\t\t\t\t\t\t\t\t<\/div>\n\t\t\t\t<\/div>\n\t\t\t\t\t<\/div>\n\t\t\t\t<\/div>\n\t\t<div class=\"elementor-element elementor-element-84430d9 e-flex e-con-boxed e-con e-parent\" data-id=\"84430d9\" data-element_type=\"container\" data-e-type=\"container\" data-settings=\"{&quot;background_background&quot;:&quot;classic&quot;}\">\n\t\t\t\t\t<div class=\"e-con-inner\">\n\t\t<div class=\"elementor-element elementor-element-970eb51 e-con-full e-flex e-con e-child\" data-id=\"970eb51\" data-element_type=\"container\" data-e-type=\"container\">\n\t\t\t\t<div class=\"elementor-element elementor-element-fd6e81d elementor-widget elementor-widget-text-editor\" data-id=\"fd6e81d\" data-element_type=\"widget\" data-e-type=\"widget\" data-widget_type=\"text-editor.default\">\n\t\t\t\t\t\t\t\t\t<h2><b>Servicios de publicaci\u00f3n incluidos<\/b><\/h2><ul><li style=\"font-weight: 400;\" aria-level=\"1\"><span style=\"font-weight: 400;\">Fotograf\u00eda profesional y videograf\u00eda cinematogr\u00e1fica<br><br><\/span><\/li><li style=\"font-weight: 400;\" aria-level=\"1\"><span style=\"font-weight: 400;\">Grabaci\u00f3n a\u00e9rea con dron<br><br><\/span><\/li><li style=\"font-weight: 400;\" aria-level=\"1\"><span style=\"font-weight: 400;\">Recorridos virtuales y contenido visual premium<br><br><\/span><\/li><li style=\"font-weight: 400;\" aria-level=\"1\"><span style=\"font-weight: 400;\">Campa\u00f1as <\/span><b>dirigidas de META Ads, Google Ads y TikTok Ads<\/b><span style=\"font-weight: 400;\"><br><br><\/span><\/li><li style=\"font-weight: 400;\" aria-level=\"1\"><span style=\"font-weight: 400;\">Exposici\u00f3n del anuncio en las principales plataformas inmobiliarias y redes <\/span><span style=\"font-weight: 400;\">MLS<br><\/span><span style=\"font-weight: 400;\"><br><\/span><\/li><li style=\"font-weight: 400;\" aria-level=\"1\"><span style=\"font-weight: 400;\">Visitas privadas y estrategias de jornadas de puertas abiertas seleccionadas<br><br><\/span><\/li><li style=\"font-weight: 400;\" aria-level=\"1\"><span style=\"font-weight: 400;\">Evaluaci\u00f3n de precios basada en datos<br><br><\/span><\/li><li style=\"font-weight: 400;\" aria-level=\"1\"><span style=\"font-weight: 400;\">Comunicaci\u00f3n clara y constante durante todo el proceso<\/span><span style=\"font-weight: 400;\"><br><\/span><\/li><\/ul><p><span style=\"font-weight: 400;\">Su propiedad merece una presentaci\u00f3n excepcional y un equipo dedicado comprometido a ofrecer los mejores resultados posibles.<\/span><span style=\"font-weight: 400;\"><br><\/span><span style=\"font-weight: 400;\"> Estamos aqu\u00ed para vender su vivienda con eficiencia, transparencia y un nivel de excelencia que destaca.<\/span><\/p>\t\t\t\t\t\t\t\t<\/div>\n\t\t\t\t<\/div>\n\t\t<div class=\"elementor-element elementor-element-e1375b1 e-con-full e-flex e-con e-child\" data-id=\"e1375b1\" data-element_type=\"container\" data-e-type=\"container\">\n\t\t\t\t<div class=\"elementor-element elementor-element-0fece22 elementor-widget elementor-widget-image\" data-id=\"0fece22\" data-element_type=\"widget\" data-e-type=\"widget\" data-widget_type=\"image.default\">\n\t\t\t\t\t\t\t\t\t\t\t\t\t\t\t<img fetchpriority=\"high\" decoding=\"async\" width=\"1024\" height=\"1024\" src=\"https:\/\/bayrealtymexico.com\/wp-content\/uploads\/2025\/12\/Bay-Realty-Sell-Property-Puerto-Vallarta-Riviera-Nayarit-01.jpg\" class=\"attachment-large size-large wp-image-204658\" alt=\"\" srcset=\"https:\/\/bayrealtymexico.com\/wp-content\/uploads\/2025\/12\/Bay-Realty-Sell-Property-Puerto-Vallarta-Riviera-Nayarit-01.jpg 1080w, https:\/\/bayrealtymexico.com\/wp-content\/uploads\/2025\/12\/Bay-Realty-Sell-Property-Puerto-Vallarta-Riviera-Nayarit-01-780x780.jpg 780w\" sizes=\"(max-width: 1024px) 100vw, 1024px\" \/>\t\t\t\t\t\t\t\t\t\t\t\t\t\t\t<\/div>\n\t\t\t\t<\/div>\n\t\t\t\t\t<\/div>\n\t\t\t\t<\/div>\n\t\t<div class=\"elementor-element elementor-element-a3aa24b e-flex e-con-boxed e-con e-parent\" data-id=\"a3aa24b\" data-element_type=\"container\" data-e-type=\"container\" data-settings=\"{&quot;background_background&quot;:&quot;classic&quot;}\">\n\t\t\t\t\t<div class=\"e-con-inner\">\n\t\t\t\t<div class=\"elementor-element elementor-element-70ffd9e elementor-widget elementor-widget-text-editor\" data-id=\"70ffd9e\" data-element_type=\"widget\" data-e-type=\"widget\" data-widget_type=\"text-editor.default\">\n\t\t\t\t\t\t\t\t\t<h4 style=\"text-align: center;\"><b>Solicite hoy una valoraci\u00f3n gratuita de su propiedad.<\/b><\/h4>\t\t\t\t\t\t\t\t<\/div>\n\t\t\t\t<div class=\"elementor-element elementor-element-67238d7 elementor-align-center elementor-widget elementor-widget-button\" data-id=\"67238d7\" data-element_type=\"widget\" data-e-type=\"widget\" data-widget_type=\"button.default\">\n\t\t\t\t\t\t\t\t\t\t<a class=\"elementor-button elementor-button-link elementor-size-sm\" href=\"https:\/\/bayrealtymexico.com\/es\/contact\/\">\n\t\t\t\t\t\t<span class=\"elementor-button-content-wrapper\">\n\t\t\t\t\t\t\t\t\t<span class=\"elementor-button-text\">Programar cita<\/span>\n\t\t\t\t\t<\/span>\n\t\t\t\t\t<\/a>\n\t\t\t\t\t\t\t\t<\/div>\n\t\t\t\t\t<\/div>\n\t\t\t\t<\/div>\n\t\t<div class=\"elementor-element elementor-element-ae2b132 e-flex e-con-boxed e-con e-parent\" data-id=\"ae2b132\" data-element_type=\"container\" data-e-type=\"container\">\n\t\t\t\t\t<div class=\"e-con-inner\">\n\t\t\t\t<div class=\"elementor-element elementor-element-fe5b784 elementor-align-center elementor-fixed e-transform elementor-widget elementor-widget-button\" data-id=\"fe5b784\" data-element_type=\"widget\" data-e-type=\"widget\" data-settings=\"{&quot;_position&quot;:&quot;fixed&quot;,&quot;_transform_rotateZ_effect&quot;:{&quot;unit&quot;:&quot;px&quot;,&quot;size&quot;:-90,&quot;sizes&quot;:[]},&quot;_transform_rotateZ_effect_tablet&quot;:{&quot;unit&quot;:&quot;deg&quot;,&quot;size&quot;:&quot;&quot;,&quot;sizes&quot;:[]},&quot;_transform_rotateZ_effect_mobile&quot;:{&quot;unit&quot;:&quot;deg&quot;,&quot;size&quot;:&quot;&quot;,&quot;sizes&quot;:[]}}\" data-widget_type=\"button.default\">\n\t\t\t\t\t\t\t\t\t\t<a class=\"elementor-button elementor-button-link elementor-size-sm\" href=\"#\">\n\t\t\t\t\t\t<span class=\"elementor-button-content-wrapper\">\n\t\t\t\t\t\t\t\t\t<span class=\"elementor-button-text\">concertar una cita<\/span>\n\t\t\t\t\t<\/span>\n\t\t\t\t\t<\/a>\n\t\t\t\t\t\t\t\t<\/div>\n\t\t\t\t\t<\/div>\n\t\t\t\t<\/div>\n\t\t\t\t<\/div>\n\t\t","protected":false},"excerpt":{"rendered":"<p>Vender Venda su propiedad con expertos de confianza en Puerto Vallarta y Riviera Nayarit Llegue a compradores cualificados y obtenga el m\u00e1ximo valor para su propiedad mediante una estrategia de marketing integral y una experiencia de venta personalizada. Vender una propiedad en Puerto Vallarta, Nuevo Vallarta, Riviera Nayarit, Punta de Mita y Costa Alegre requiere [&hellip;]<\/p>\n","protected":false},"author":1,"featured_media":0,"parent":0,"menu_order":0,"comment_status":"closed","ping_status":"closed","template":"template\/template-homepage.php","meta":{"_joinchat":[],"footnotes":""},"class_list":["post-204656","page","type-page","status-publish","hentry"],"_links":{"self":[{"href":"https:\/\/bayrealtymexico.com\/es\/wp-json\/wp\/v2\/pages\/204656","targetHints":{"allow":["GET"]}}],"collection":[{"href":"https:\/\/bayrealtymexico.com\/es\/wp-json\/wp\/v2\/pages"}],"about":[{"href":"https:\/\/bayrealtymexico.com\/es\/wp-json\/wp\/v2\/types\/page"}],"author":[{"embeddable":true,"href":"https:\/\/bayrealtymexico.com\/es\/wp-json\/wp\/v2\/users\/1"}],"replies":[{"embeddable":true,"href":"https:\/\/bayrealtymexico.com\/es\/wp-json\/wp\/v2\/comments?post=204656"}],"version-history":[{"count":1,"href":"https:\/\/bayrealtymexico.com\/es\/wp-json\/wp\/v2\/pages\/204656\/revisions"}],"predecessor-version":[{"id":204659,"href":"https:\/\/bayrealtymexico.com\/es\/wp-json\/wp\/v2\/pages\/204656\/revisions\/204659"}],"wp:attachment":[{"href":"https:\/\/bayrealtymexico.com\/es\/wp-json\/wp\/v2\/media?parent=204656"}],"curies":[{"name":"wp","href":"https:\/\/api.w.org\/{rel}","templated":true}]}}