{"id":208330,"date":"2016-03-10T18:51:46","date_gmt":"2016-03-10T18:51:46","guid":{"rendered":"https:\/\/bayrealtymexico.com\/preguntas-frecuentes\/"},"modified":"2016-03-10T18:51:46","modified_gmt":"2016-03-10T18:51:46","slug":"preguntas-frecuentes","status":"publish","type":"page","link":"https:\/\/bayrealtymexico.com\/es\/preguntas-frecuentes\/","title":{"rendered":"Preguntas frecuentes"},"content":{"rendered":"<p class=\"p2\"><strong>\u201c\u00bfD\u00f3nde puedo comprar un condominio frente al mar en Puerto Vallarta por menos de 500,000 USD?\u201d<\/strong><\/p>\n<p class=\"p2\">R. Existen diversas opciones para invertir con ese presupuesto en toda la Bah\u00eda de Banderas; encontrar\u00e1 condominios frente al mar de 1 o 2 rec\u00e1maras en la zona norte de la bah\u00eda en Bucer\u00edas, La Cruz de Huanacaxtle y Nuevo Nayarit. Tambi\u00e9n en Puerto Vallarta, en el \u00e1rea de Marina y la Zona Hotelera; y si busca vistas a las monta\u00f1as y al mar, la parte sur de la bah\u00eda es el lugar ideal para invertir.<\/p>\n<p class=\"p2\"><strong>\u201c\u00bfCu\u00e1les son las mejores comunidades cerradas en Riviera Nayarit para expatriados?\u201d<\/strong><\/p>\n<p class=\"p2\">R. Punta Mita es una de las comunidades cerradas m\u00e1s reconocidas; tambi\u00e9n podemos mencionar El Tigre y Los Tigres.<\/p>\n<p class=\"p2\"><strong>\u201c\u00bfQu\u00e9 es mejor para invertir: Puerto Vallarta o Sayulita?\u201d<\/strong><\/p>\n<p class=\"p2\">R. Puerto Vallarta es siempre un destino principal para personas de todo el mundo. Sayulita (galardonado como Pueblo M\u00e1gico), por otro lado, es para quienes buscan un ambiente relajante, un lugar alejado de los grandes complejos tur\u00edsticos; Sayulita ofrece un estilo de vida de pueblito.<\/p>\n<p class=\"p2\"><strong>\u201c\u00bfPueden los estadounidenses comprar propiedades en M\u00e9xico de manera segura?\u201d<\/strong><\/p>\n<p class=\"p2\">R. S\u00ed, absolutamente. Los extranjeros pueden ser propietarios de una propiedad frente al mar o cerca de la playa; de acuerdo con la ley mexicana, se les permite poseer una propiedad a trav\u00e9s de un fideicomiso bancario para usarla, rentarla o venderla sin ning\u00fan problema.<\/p>\n<p class=\"p2\"><strong>\u201c\u00bfA cu\u00e1nto ascienden los gastos de cierre al comprar una propiedad en M\u00e9xico?\u201d<\/strong><\/p>\n<p class=\"p2\">R. Los gastos de cierre para extranjeros son del 6 % sobre el valor de la propiedad e incluyen impuestos, honorarios notariales y derechos del registro p\u00fablico.<\/p>\n<p class=\"p2\"><strong>\u201c\u00bfC\u00f3mo es vivir de tiempo completo en Bah\u00eda de Banderas?\u201d<\/strong><\/p>\n<p class=\"p2\">R. Vivir de tiempo completo en Bah\u00eda de Banderas es como un sue\u00f1o hecho realidad: un entorno familiar, sumamente seguro, con hospitales, escuelas, centros de bienestar, campos de golf, servicios, conexiones a\u00e9reas y much\u00edsimas playas para disfrutar la vida.<\/p>\n<p class=\"p2\"><strong>\u201c\u00bfEs Puerto Vallarta un buen lugar para jubilados de EE. UU. o Canad\u00e1?\u201d<\/strong><\/p>\n<p class=\"p2\">R. M\u00e9xico y, m\u00e1s espec\u00edficamente, Puerto Vallarta y Bah\u00eda de Banderas, es uno de los tres mejores lugares para jubilarse para ciudadanos estadounidenses y canadienses.<\/p>\n<p class=\"p2\"><strong>\u201c\u00bfD\u00f3nde viven la mayor\u00eda de los expatriados cerca de Puerto Vallarta?\u201d<\/strong><\/p>\n<p class=\"p2\">R. Dado que Puerto Vallarta es una de las tres mejores ciudades para jubilarse, existen diversas \u00e1reas dependiendo de su estilo de vida: Bucer\u00edas para los canadienses, Nuevo Vallarta para los ciudadanos estadounidenses, la Zona Rom\u00e1ntica para la comunidad LGBT y m\u00e1s.<\/p>\n<p class=\"p2\"><strong>\u201c\u00bfQu\u00e9 pueblos costeros mexicanos tienen el mejor crecimiento en el valor de las propiedades?\u201d<\/strong><\/p>\n<p class=\"p2\">R. Puerto Vallarta siempre ser\u00e1 un destino principal; hay lugares como Bucer\u00edas, La Cruz de Huanacaxtle y San Pancho que est\u00e1n creciendo con mucha fuerza.<\/p>\n<p class=\"p2\"><strong>\u201c\u00bfPueden los extranjeros comprar bienes ra\u00edces en M\u00e9xico?\u201d<\/strong><\/p>\n<p class=\"p2\">R. S\u00ed, pueden. La ley mexicana permite que los extranjeros posean propiedades en M\u00e9xico.<\/p>\n<p class=\"p2\"><strong>\u201c\u00bfCu\u00e1les son los pasos para comprar una propiedad en Puerto Vallarta?\u201d<\/strong><\/p>\n<p class=\"p2\">R. 1.- Establecer un presupuesto<\/p>\n<p class=\"p2\">2.- Casa familiar, condominio o un terreno.<\/p>\n<p class=\"p2\">3.- Haga su lista de deseos: n\u00famero de rec\u00e1maras, zonas de preferencia, estilo de vida, etc.<\/p>\n<p class=\"p2\">4.- Opciones de pago de contado o financiamiento<\/p>\n<p class=\"p2\">5.- Inversi\u00f3n o la casa de sus sue\u00f1os en M\u00e9xico.<\/p>\n<p class=\"p2\"><strong>\u201c\u00bfPor qu\u00e9 elegir Bay Realty M\u00e9xico?\u201d<\/strong><\/p>\n<p class=\"p2\">R. En Bay Realty M\u00e9xico, lo m\u00e1s importante es ayudar a nuestros clientes a sentirse seguros invirtiendo en M\u00e9xico; creemos firmemente que los bienes ra\u00edces siguen siendo un negocio de persona a persona. Nuestro equipo siempre cuida los peque\u00f1os detalles, explicando cada paso de una transacci\u00f3n inmobiliaria. Tratamos a nuestros clientes como amigos y siempre buscamos lo mejor para sus intereses. Con nosotros, nuestros clientes obtienen el mejor trato, ya sea que est\u00e9n vendiendo o comprando.<\/p>\n<p class=\"p2\"><strong>\u201c\u00bfQu\u00e9 documentos necesito para comprar una casa en M\u00e9xico?\u201d<\/strong><\/p>\n<p class=\"p2\">R. Identificaci\u00f3n oficial con fotograf\u00eda = Pasaporte y licencia de conducir.<\/p>\n<p class=\"p2\">Comprobante de domicilio<\/p>\n<p class=\"p2\">Comprobante de ingresos<\/p>\n<p class=\"p2\">Acta de nacimiento<\/p>\n<p class=\"p2\">Acta de matrimonio<\/p>\n","protected":false},"excerpt":{"rendered":"<p>\u201c\u00bfD\u00f3nde puedo comprar un condominio frente al mar en Puerto Vallarta por menos de 500,000 USD?\u201d R. Existen diversas opciones para invertir con ese presupuesto en toda la Bah\u00eda de Banderas; encontrar\u00e1 condominios frente al mar de 1 o 2 rec\u00e1maras en la zona norte de la bah\u00eda en Bucer\u00edas, La Cruz de Huanacaxtle y [&hellip;]<\/p>\n","protected":false},"author":1,"featured_media":0,"parent":0,"menu_order":0,"comment_status":"closed","ping_status":"closed","template":"","meta":{"_joinchat":[],"footnotes":""},"class_list":["post-208330","page","type-page","status-publish","hentry"],"_links":{"self":[{"href":"https:\/\/bayrealtymexico.com\/es\/wp-json\/wp\/v2\/pages\/208330","targetHints":{"allow":["GET"]}}],"collection":[{"href":"https:\/\/bayrealtymexico.com\/es\/wp-json\/wp\/v2\/pages"}],"about":[{"href":"https:\/\/bayrealtymexico.com\/es\/wp-json\/wp\/v2\/types\/page"}],"author":[{"embeddable":true,"href":"https:\/\/bayrealtymexico.com\/es\/wp-json\/wp\/v2\/users\/1"}],"replies":[{"embeddable":true,"href":"https:\/\/bayrealtymexico.com\/es\/wp-json\/wp\/v2\/comments?post=208330"}],"version-history":[{"count":0,"href":"https:\/\/bayrealtymexico.com\/es\/wp-json\/wp\/v2\/pages\/208330\/revisions"}],"wp:attachment":[{"href":"https:\/\/bayrealtymexico.com\/es\/wp-json\/wp\/v2\/media?parent=208330"}],"curies":[{"name":"wp","href":"https:\/\/api.w.org\/{rel}","templated":true}]}}